{"id":474,"date":"2018-11-28T18:04:26","date_gmt":"2018-11-28T18:04:26","guid":{"rendered":"https:\/\/wearemip.com\/politique-de-confidentialite\/"},"modified":"2022-03-07T22:54:36","modified_gmt":"2022-03-07T22:54:36","slug":"privacy-policies","status":"publish","type":"page","link":"https:\/\/wearemip.com\/en\/privacy-policies\/","title":{"rendered":"Privacy Policy"},"content":{"rendered":"<p>Respectueux de la vie priv\u00e9e, MASTER IMAGE PROGRAMMES accorde une grande importance \u00e0 la protection de vos donn\u00e9es \u00e0 caract\u00e8re personnel.<\/p>\n<p>\u00c0 ce titre, MASTER IMAGE PROGRAMMES a d\u00e9sign\u00e9 un d\u00e9l\u00e9gu\u00e9 \u00e0 la protection des donn\u00e9es (DPO) dont les coordonn\u00e9es sont les suivantes&nbsp;:<\/p>\n<p><a href=\"mailto:mip@wearemip.com\">mip@wearemip.com<\/a><\/p>\n<p>La pr\u00e9sente politique de confidentialit\u00e9 vise ainsi \u00e0 vous exposer en toute transparence les modalit\u00e9s et caract\u00e9ristiques des traitements de donn\u00e9es op\u00e9r\u00e9s par&nbsp;MASTER IMAGE PROGRAMMES,&nbsp;SAS au capital de 457 604 EUROS &#8211; RCS 488 624 461 NANTERRE. Si\u00e8ge social&nbsp;: 59 Avenue Jean-Baptiste Cl\u00e9ment, 92100 Boulogne Billancourt &#8211; FRANCE.&nbsp;T\u00e9l\u00e9phone : +33 1 41 44 79 90, en tant que responsable de traitement, ainsi que les droits que vous pouvez exercer sur vos donn\u00e9es et leur traitement, conform\u00e9ment aux dispositions en vigueur, en particulier celles du R\u00e8glement (UE) 2016\/679 du 27 avril 2016 dit \u00ab&nbsp;RGPD&nbsp;\u00bb et de la loi n\u00b078-17 dite \u00ab&nbsp;Informatique et libert\u00e9s&nbsp;\u00bb, telle que modifi\u00e9e par la loi n\u00b0 2018-493 du 20 juin 2018.<\/p>\n<ol>\n<li><strong>Collecte des donn\u00e9es<\/strong><\/li>\n<\/ol>\n<p>Lors de votre navigation sur le site https:\/\/wearemip.com (\u00ab&nbsp;le Site&nbsp;\u00bb),<em> Master Image Programmes SAS<\/em> est amen\u00e9 \u00e0 collecter des donn\u00e9es personnelles vous concernant, \u00e0 savoir :<\/p>\n<ul>\n<li>des donn\u00e9es nominatives, telles que votre \u00e9tat civil, votre adresse email, num\u00e9ro de t\u00e9l\u00e9phone, titre, soci\u00e9t\u00e9, et Pays de r\u00e9sidence lors de l&#8217;utilisation du formulaire de contact ;<\/li>\n<li>votre adresse email lors de votre inscription \u00e0 l\u2019infolettre&nbsp;;<\/li>\n<\/ul>\n<p>La fourniture de ces donn\u00e9es peut \u00eatre obligatoire pour obtenir le service que vous sollicitez (par exemple&nbsp;: communication d\u2019une adresse email pour l\u2019envoi de l\u2019infolettre,\u2026). Dans ce cas, le caract\u00e8re obligatoire vous est signal\u00e9 sur les formulaires de collecte des donn\u00e9es \u00e0 caract\u00e8re personnel par la pr\u00e9sence d\u2019un ast\u00e9risque \u00e0 c\u00f4t\u00e9 du(des) champ(s) concern\u00e9(s). En l\u2019absence d\u2019ast\u00e9risque, les informations demand\u00e9es sont facultatives.<\/p>\n<p>Vous vous engagez \u00e0 ce que les donn\u00e9es \u00e0 caract\u00e8re personnel vous concernant, communiqu\u00e9es \u00e0 <em>Master Image Programmes SAS<\/em> soient \u00e0 jour, exactes, compl\u00e8tes et non \u00e9quivoques. Vous confirmez avoir obtenu l\u2019autorisation, apr\u00e8s prise de connaissance de la pr\u00e9sente politique de confidentialit\u00e9, des tiers dont vous fournissez les donn\u00e9es \u00e0 caract\u00e8re personnel \u00e0<em> Master Image Programmes SAS.<\/em><\/p>\n<ol start=\"2\">\n<li><strong>Finalit\u00e9s des traitements de donn\u00e9es \u00e0 caract\u00e8re personnel<\/strong><\/li>\n<\/ol>\n<p><em>Master Image Programmes SAS<\/em>&nbsp;s\u2019engage \u00e0 ne collecter que des donn\u00e9es \u00e0 caract\u00e8re personnel n\u00e9cessaires \u00e0 la finalit\u00e9 des traitements mis en \u0153uvre, \u00e0 savoir&nbsp;:<\/p>\n<ul>\n<li>la gestion de votre inscription \u00e0 l\u2019infolettre (inscriptions, envois et d\u00e9sabonnements),<\/li>\n<li>la gestion de vos messages par le formulaire de contact,<\/li>\n<li>la r\u00e9alisation de statistiques anonymes sur la fr\u00e9quentation du Site,<\/li>\n<li>l\u2019acc\u00e8s \u00e0 certaines fonctionnalit\u00e9s du Site (Vimeo),<\/li>\n<li>la r\u00e9alisation d\u2019enqu\u00eates et sondages,<\/li>\n<li>l\u2019organisation et la gestion de jeux concours.<\/li>\n<\/ul>\n<ol start=\"3\">\n<li><strong>Dur\u00e9e de conservation des donn\u00e9es<\/strong><\/li>\n<\/ol>\n<p><em>Master Image Programmes SAS<\/em>&nbsp;conserve vos donn\u00e9es pendant une dur\u00e9e qui n\u2019exc\u00e8de pas la dur\u00e9e n\u00e9cessaire aux finalit\u00e9s pour lesquelles elles ont \u00e9t\u00e9 collect\u00e9es soit&nbsp;:<\/p>\n<ul>\n<li>pour vos donn\u00e9es nominatives,&nbsp;3 ans \u00e0 compter de votre dernier contact avec <em>Master Image Programmes SAS<\/em>. En cas de demande de d\u00e9sabonnement \u00e0 l\u2019infolettre, <em>Master Image Programmes SAS<\/em>&nbsp;d\u00e9sactivera son envoi imm\u00e9diatement.<\/li>\n<li>pour vos donn\u00e9es de connexion, de navigation et de trafic, 13 mois \u00e0 compter de leur collecte.<\/li>\n<\/ul>\n<p>Dans le cadre de la d\u00e9fense de ses droits en justice et\/ou se conformer aux obligations l\u00e9gales et r\u00e9glementaires qui lui sont applicables, <em>Master Image Programmes SAS<\/em>&nbsp;est susceptible de conserver les donn\u00e9es \u00e0 caract\u00e8re personnel vous concernant n\u00e9cessaires \u00e0 l\u2019exercice de ses droits jusqu\u2019\u00e0 extinction de la dur\u00e9e de prescription l\u00e9gale et\/ou de l\u2019obligation l\u00e9gale concern\u00e9e.<\/p>\n<ol start=\"4\">\n<li><strong>S\u00e9curit\u00e9 et confidentialit\u00e9 des donn\u00e9es<\/strong><\/li>\n<\/ol>\n<p><em>Master Image Programmes SAS<\/em>&nbsp;a mis en place les mesures de s\u00e9curit\u00e9 technique et organisationnelle n\u00e9cessaires pour pr\u00e9server la confidentialit\u00e9 et la s\u00e9curit\u00e9 de vos donn\u00e9es \u00e0 caract\u00e8re personnel et emp\u00eacher qu\u2019elles ne soient d\u00e9form\u00e9es, endommag\u00e9es, d\u00e9truites ou que des tiers non autoris\u00e9s y aient acc\u00e8s.<\/p>\n<p>Toutefois, nous attirons votre attention sur les risques inh\u00e9rents \u00e0 l\u2019utilisation et au fonctionnement d\u2019internet qui ne peuvent \u00eatre maitris\u00e9s par <em>Master Image Programmes SAS<\/em> et pour lesquels sa responsabilit\u00e9 ne pourra pas \u00eatre engag\u00e9e.<\/p>\n<p>En cas de violation de vos donn\u00e9es, <em>Master Image Programmes SAS<\/em> fera ses meilleurs efforts pour circonscrire les risques et prendra toutes les mesures ad\u00e9quates, conform\u00e9ment \u00e0 ses obligations l\u00e9gales et r\u00e9glementaires (actions correctrices, information de l\u2019autorit\u00e9 de contr\u00f4le comp\u00e9tente (en France, la CNIL) et le cas \u00e9ch\u00e9ant des personnes concern\u00e9es,\u2026).<\/p>\n<p>En cas de sous-traitance d\u2019une partie ou de la totalit\u00e9 d\u2019un traitement de donn\u00e9es \u00e0 caract\u00e8re personnel, <em>Master Image Programmes SAS<\/em> impose contractuellement \u00e0 ses sous-traitants des garanties de s\u00e9curit\u00e9 et notamment de confidentialit\u00e9 s\u2019agissant des donn\u00e9es \u00e0 caract\u00e8re personnel auxquels ils peuvent avoir acc\u00e8s (mesures techniques et organisationnelles appropri\u00e9es de protection de ces donn\u00e9es).<\/p>\n<ol start=\"5\">\n<li><strong>Destinataires des donn\u00e9es<\/strong><\/li>\n<\/ol>\n<p>Vos donn\u00e9es \u00e0 caract\u00e8re personnel sont uniquement destin\u00e9es aux services de <em>Master Image Programmes SAS<\/em> concern\u00e9s par leur traitement et leurs sous-traitants \u00e9ventuels ainsi qu\u2019aux filiales du groupe <em>Master Image Programmes SAS<\/em>.<\/p>\n<p><em>Master Image Programmes SAS&nbsp;<\/em>ne transmet pas vos donn\u00e9es personnelles sauf :<\/p>\n<ul>\n<li>si le partage de ces informations avec des tiers est indispensable pour vous fournir le service que vous demandez, ou<\/li>\n<li>si <em>Master Image Programmes SAS<\/em> est somm\u00e9e par une autorit\u00e9 judiciaire ou toute autre autorit\u00e9 administrative de lui communiquer les informations, ou<\/li>\n<li>si vous avez donn\u00e9 votre accord pr\u00e9alable pour le partage de ces informations, ou<\/li>\n<li>si cette communication est n\u00e9cessaire \u00e0 la d\u00e9fense de ses droits en justice et\/ou pour se conformer aux obligations l\u00e9gales.<\/li>\n<\/ul>\n<p>Il est pr\u00e9cis\u00e9 que les destinataires vis\u00e9s ci-dessus ne sont pas forc\u00e9ment destinataires de l\u2019ensemble de vos donn\u00e9es, mais uniquement de celles n\u00e9cessaires \u00e0 la finalit\u00e9 impliquant une telle communication.<\/p>\n<ol start=\"6\">\n<li><strong>Droits des personnes<\/strong><\/li>\n<\/ol>\n<p>Pour simplement vous d\u00e9sinscrire de l\u2019infolettre, cliquez sur le lien de d\u00e9sabonnement pr\u00e9sent sur chaque e-mail ou contactez le DPO.<\/p>\n<p>Vous disposez par ailleurs des droits d\u2019acc\u00e8s, rectification, effacement, limitation et opposition, ainsi que du droit \u00e0 la portabilit\u00e9 et de d\u00e9finir des directives relatives au sort de vos donn\u00e9es en cas de d\u00e9c\u00e8s. Vous pouvez exercer ces droits en envoyant un email\/ un courrier au d\u00e9l\u00e9gu\u00e9 \u00e0 la protection des donn\u00e9es (DPO), \u00e0 l&#8217;adresse mip@weraremip.com<\/p>\n<p>Le Site ne vise pas comme public les mineurs. L\u2019acc\u00e8s au Site ne leur est toutefois pas interdit car il ne pr\u00e9sente pas de contenus interdits aux mineurs de moins de 18 ans. Si des informations \u00e9taient recueillies sur un mineur par le Site, le repr\u00e9sentant l\u00e9gal du mineur aura la possibilit\u00e9 de contacter le DPO pour rectifier, modifier ou supprimer ces informations.<\/p>\n<p>Dans un souci de confidentialit\u00e9 et de s\u00e9curit\u00e9 de vos donn\u00e9es, <em>Master Image Programmes SAS<\/em> doit s\u2019assurer de votre identit\u00e9 avant de r\u00e9pondre \u00e0 toute demande tendant \u00e0 l\u2019exercice de ces droits. C\u2019est pourquoi elle devra \u00eatre accompagn\u00e9e d\u2019une copie d\u2019un titre d\u2019identit\u00e9 sign\u00e9.<\/p>\n<p>Vous disposez \u00e9galement du droit d&#8217;introduire une r\u00e9clamation aupr\u00e8s d&#8217;une autorit\u00e9 de contr\u00f4le, en particulier dans l&#8217;\u00c9tat membre dans lequel se trouve votre r\u00e9sidence habituelle, votre lieu de travail ou le lieu o\u00f9 la violation aurait \u00e9t\u00e9 commise, si vous consid\u00e9rez que le traitement de donn\u00e9es \u00e0 caract\u00e8re personnel vous concernant constitue une violation \u00e0 la r\u00e8glementation applicable.<\/p>\n<p>En France, vous, vous pouvez saisir la Commission Nationale Informatique et Libert\u00e9s (CNIL) en vous connectant sur le site de la CNIL \u00e0 l\u2019adresse <a href=\"https:\/\/www.cnil.fr\">https:\/\/www.cnil.fr<\/a>.<\/p>\n<ol id=\"cookies\" start=\"7\">\n<li><strong>Cookies<\/strong><\/li>\n<\/ol>\n<p>Un cookie est un fichier texte susceptible d&#8217;\u00eatre enregistr\u00e9 dans un espace d\u00e9di\u00e9 du disque dur de votre \u00e9quipement \u00e9lectronique \u00e0 l&#8217;occasion de la consultation d&#8217;un service en ligne gr\u00e2ce \u00e0 votre logiciel de navigation. Un fichier cookie permet \u00e0 son \u00e9metteur d&#8217;identifier le terminal dans lequel il est enregistr\u00e9, pendant la dur\u00e9e de validit\u00e9 ou d&#8217;enregistrement dudit cookie.<\/p>\n<p>Lorsque vous vous connectez au Site, <em>Master Image Programmes SAS<\/em> peut \u00eatre amen\u00e9, sous r\u00e9serve de vos choix, \u00e0 installer divers cookies permettant notamment de reconna\u00eetre le navigateur que vous utilisez pendant la dur\u00e9e de validit\u00e9 du cookie concern\u00e9.<\/p>\n<p>Vous pouvez \u00e0 tout moment retirer votre consentement sur l&#8217;ensemble des cookies en cliquant ici : <a href=\"#\" class=\"cn-revoke-cookie cn-button-inline cn-revoke-inline button-cookie\" title=\"Revoke my consent\">Revoke my consent<\/a><\/p>\n<h3>Cookies de pr\u00e9f\u00e9rence<\/h3>\n<p>Ces cookies de pr\u00e9f\u00e9rences permettent \u00e0 un site Web de retenir des informations qui modifient la mani\u00e8re dont le site se comporte ou s&#8217;affiche, comme votre langue pr\u00e9f\u00e9r\u00e9e ou la r\u00e9gion dans laquelle vous vous situez.<\/p>\n<ul>\n<li><strong>Nom :<\/strong> _icl_visitor_lang_js<br \/>\n<strong>Finalit\u00e9 :<\/strong>&nbsp;Enregistre la langue pr\u00e9f\u00e9r\u00e9e de l&#8217;utilisateur sur le site.<br \/>\n<strong>Dur\u00e9e de conservation :<\/strong> 1 jour<\/li>\n<li><strong>Nom :<\/strong> wpml_browser_redirect_test<br \/>\n<strong>Finalit\u00e9 :<\/strong>&nbsp;Enregistre la langue pr\u00e9f\u00e9r\u00e9e de l&#8217;utilisateur sur le site.<br \/>\n<strong>Dur\u00e9e de conservation :<\/strong> Session<\/li>\n<\/ul>\n<h3>Cookies de performance et mesures d\u2019audience<\/h3>\n<p>Ces cookies nous permettent d&#8217;am\u00e9liorer l&#8217;ergonomie du site gr\u00e2ce \u00e0 l&#8217;analyse de l&#8217;utilisation des visiteurs. Dans certains cas, ces cookies am\u00e9liorent la vitesse de traitement de vos requ\u00eates en nous permettant d&#8217;enregistrer vos pr\u00e9f\u00e9rences pour le site. D\u00e9sactiver ces cookies peut ralentir le site et limiter la pertinence des recommandations.<\/p>\n<ul class=\"bullets\">\n<li><strong>Nom :<\/strong> _ga<br \/>\n<strong>Finalit\u00e9 :<\/strong>&nbsp;Enregistre un identifiant unique utilis\u00e9 pour g\u00e9n\u00e9rer des donn\u00e9es statistiques sur la fa\u00e7on dont le visiteur utilise le site.<br \/>\n<strong>Dur\u00e9e de conservation :<\/strong> 2 ann\u00e9es<\/li>\n<li><strong>Nom :<\/strong> _gat<br \/>\n<strong>Finalit\u00e9 :<\/strong> Utilis\u00e9 par google analytics pour diminuer radicalement le taux de requ\u00eates.<br \/>\n<strong>Dur\u00e9e de conservation :<\/strong> 1 jour<\/li>\n<li><strong>Nom :<\/strong> _gid<br \/>\n<strong>Finalit\u00e9 :<\/strong> Enregistre un identifiant unique utilis\u00e9 pour g\u00e9n\u00e9rer des donn\u00e9es statistiques sur la fa\u00e7on dont le visiteur utilise le site.<br \/>\n<strong>Dur\u00e9e de conservation :<\/strong> 1 jour<\/li>\n<\/ul>\n<h3>Cookies Tiers (R\u00e9seaux sociaux et publicit\u00e9s)<\/h3>\n<p>Les cookies de tiers li\u00e9s aux r\u00e9seaux sociaux vous permettent de vous connecter \u00e0 vos r\u00e9seaux sociaux et de partager des contenus depuis notre site. Les cookies de tiers li\u00e9s \u00e0 la publicit\u00e9 r\u00e9cup\u00e8rent des informations pour mieux cibler les publicit\u00e9s en fonction de vos centres d&#8217;int\u00e9r\u00eat sur notre site. Si vous d\u00e9sactivez ces cookies, vous risquez de voir appara\u00eetre des publicit\u00e9s moins pertinentes, de ne pas pouvoir vous connecter correctement aux r\u00e9seaux sociaux et de ne pas pouvoir partager des contenus sur ces r\u00e9seaux sociaux.<\/p>\n<ul class=\"bullets\">\n<li><strong>Nom :<\/strong> r\/collect<br \/>\n<strong>Finalit\u00e9 :<\/strong> Ce cookie est utilis\u00e9 pour envoyer des donn\u00e9es \u00e0 Google Analytics sur l\u2019appareil et le comportement du visiteur. Il piste le visiteur \u00e0 travers diff\u00e9rents appareils et canaux marketing.<br \/>\n<strong>Dur\u00e9e de conservation :<\/strong> Session<\/li>\n<li><strong>Nom :<\/strong> UserMatchHistory<br \/>\n<strong>Finalit\u00e9 :<\/strong> Utilis\u00e9 pour suivre les visiteurs sur plusieurs sites Web, afin de pr\u00e9senter des publicit\u00e9s pertinentes en fonction des pr\u00e9f\u00e9rences du visiteur.<br \/>\n<strong>Dur\u00e9e de conservation :<\/strong> 29 jours<\/li>\n<\/ul>\n<p>Le Site est susceptible de contenir des cookies \u00e9mis par des tiers (agence de communication, soci\u00e9t\u00e9 de mesure d&#8217;audience, etc.) et permettant \u00e0 ces derniers, pendant la dur\u00e9e de validit\u00e9 de ces cookies de recueillir des informations de navigation relatives aux Terminaux consultant le Site, et notamment afin de mesure l\u2019efficacit\u00e9 des campagnes de r\u00e9f\u00e9rencement payant aupr\u00e8s de moteurs de recherche.<\/p>\n<p>L&#8217;\u00e9mission et l&#8217;utilisation de cookies par des tiers sont soumises aux politiques de protection de la vie priv\u00e9e de ces tiers. <em>Master Image Programmes SAS<\/em> ne contr\u00f4le pas le processus employ\u00e9 par les r\u00e9seaux sociaux pour collecter des informations relatives \u00e0 votre navigation sur le Site. Nous vous invitons donc \u00e0 consulter les politiques de protection de la vie priv\u00e9e de ces r\u00e9seaux sociaux afin de prendre connaissance des finalit\u00e9s d&#8217;utilisation, notamment publicitaires, des informations de navigation qu&#8217;ils peuvent recueillir gr\u00e2ce \u00e0 ces boutons applicatifs.<\/p>\n<p>Ces politiques de protection doivent notamment vous permettre d&#8217;exercer vos choix aupr\u00e8s de ces r\u00e9seaux sociaux, notamment en param\u00e9trant vos comptes d&#8217;utilisation de chacun de ces r\u00e9seaux.<\/p>\n<p><strong>Gestion des cookies<\/strong><\/p>\n<p>Plusieurs possibilit\u00e9s vous sont offertes pour g\u00e9rer les cookies. Tout param\u00e9trage que vous pouvez entreprendre sera susceptible de modifier votre navigation sur Internet et vos conditions d&#8217;acc\u00e8s \u00e0 certains services n\u00e9cessitant l&#8217;utilisation de Cookies.<\/p>\n<p>Si vous ne souhaitez pas que nous utilisions des cookies vous pouvez \u00e0 tout moment modifier les r\u00e9glages de votre navigateur internet.&nbsp;Les param\u00e8tres changent en fonction des navigateurs :<\/p>\n<ul>\n<li>Chrome : Menu &#8211; Param\u00e8tres \u2013 Param\u00e8tres avanc\u00e9s \u2013 Param\u00e8tres de contenu &#8211; Cookies<\/li>\n<li>Internet Explorer : Outils \u2013 Options Internet \u2013 Confidentialit\u00e9<\/li>\n<li>Mozilla Firefox : Outils \u2013 Options \u2013 Confidentialit\u00e9<\/li>\n<li>Safari : Safari \u2013 Pr\u00e9f\u00e9rences \u2013 Confidentialit\u00e9<\/li>\n<\/ul>\n<p>Vous pouvez \u00e0 tout moment retirer votre consentement en cliquant ici : <a href=\"#\" class=\"cn-revoke-cookie cn-button-inline cn-revoke-inline button-cookie\" title=\"Revoke my consent\">Revoke my consent<\/a><\/p>\n<p><em>Master Image Programmes SAS<\/em> d\u00e9cline toute responsabilit\u00e9 pour les cons\u00e9quences li\u00e9es au fonctionnement d\u00e9grad\u00e9 de ses services r\u00e9sultant de notre impossibilit\u00e9 d&#8217;enregistrer ou de consulter les cookies n\u00e9cessaires \u00e0 leur fonctionnement et que vous auriez refus\u00e9s ou supprim\u00e9s.<\/p>\n<ol start=\"8\">\n<li><strong>Sites de tiers<\/strong><\/li>\n<\/ol>\n<p>Des liens pr\u00e9sents sur le site peuvent vous renvoyer vers des sites de tiers, ext\u00e9rieurs \u00e0 <em>Master Image Programmes SAS.<\/em> A cet \u00e9gard, votre attention est attir\u00e9e sur le fait que les politiques de protection des donn\u00e9es personnelles de ces sites peuvent \u00eatre diff\u00e9rentes de celle de <em>Master Image Programmes SAS<\/em>. Aussi, il est recommand\u00e9, dans tous les cas, de prendre connaissance de la politique de protection des donn\u00e9es personnelles de chacun des sites concern\u00e9s.<\/p>\n<p>En tout \u00e9tat de cause, la responsabilit\u00e9 de <em>Master Image Programmes SAS<\/em> ne saurait \u00eatre recherch\u00e9e dans le cas o\u00f9 les traitements de donn\u00e9es mis en \u0153uvre via l\u2019un de ces sites contreviendraient aux dispositions l\u00e9gales et r\u00e9glementaires applicables.<\/p>\n<ol start=\"9\">\n<li><strong>Mise \u00e0 jour de la politique de confidentialit\u00e9 des donn\u00e9es<\/strong><\/li>\n<\/ol>\n<p>Cette politique de confidentialit\u00e9 des donn\u00e9es \u00e0 caract\u00e8re personnel est susceptible d\u2019\u00eatre modifi\u00e9e ou ajust\u00e9e \u00e0 tout moment et doit \u00eatre consulter r\u00e9guli\u00e8rement par vos soins. Tous les formulaires de collecte de donn\u00e9es \u00e0 caract\u00e8re personnel figurant sur notre site proposent un lien vers la pr\u00e9sente politique.<\/p>\n<p>Derni\u00e8re modification&nbsp;: le [21\/11\/2018].<\/p>\n","protected":false},"excerpt":{"rendered":"<p>Respectueux de la vie priv\u00e9e, MASTER IMAGE PROGRAMMES accorde une grande importance \u00e0 la protection de vos donn\u00e9es \u00e0 caract\u00e8re personnel. \u00c0 ce titre, MASTER IMAGE PROGRAMMES a d\u00e9sign\u00e9 un d\u00e9l\u00e9gu\u00e9 \u00e0 la protection des donn\u00e9es (DPO) dont les coordonn\u00e9es sont les suivantes&nbsp;: mip@wearemip.com La pr\u00e9sente politique de confidentialit\u00e9 vise ainsi \u00e0 vous exposer en [&hellip;]<\/p>\n","protected":false},"author":2,"featured_media":0,"parent":0,"menu_order":0,"comment_status":"closed","ping_status":"closed","template":"","meta":{"_monsterinsights_skip_tracking":false,"_monsterinsights_sitenote_active":false,"_monsterinsights_sitenote_note":"","_monsterinsights_sitenote_category":0},"yoast_head":"<!-- This site is optimized with the Yoast SEO plugin v18.2 - https:\/\/yoast.com\/wordpress\/plugins\/seo\/ -->\n<meta name=\"description\" content=\"This section presents you how we use your data.\" \/>\n<meta name=\"robots\" content=\"index, follow, max-snippet:-1, max-image-preview:large, max-video-preview:-1\" \/>\n<link rel=\"canonical\" href=\"https:\/\/wearemip.com\/en\/privacy-policies\/\" \/>\n<meta property=\"og:locale\" content=\"en_US\" \/>\n<meta property=\"og:type\" content=\"article\" \/>\n<meta property=\"og:title\" content=\"Privacy Policy | MIP Agency\" \/>\n<meta property=\"og:description\" content=\"This section presents you how we use your data.\" \/>\n<meta property=\"og:url\" content=\"https:\/\/wearemip.com\/en\/privacy-policies\/\" \/>\n<meta property=\"og:site_name\" content=\"We are MIP - Nous sommes MIP | Master Image Programmes\" \/>\n<meta property=\"article:modified_time\" content=\"2022-03-07T22:54:36+00:00\" \/>\n<meta property=\"og:image\" content=\"https:\/\/wearemip.com\/wp-content\/uploads\/2019\/01\/wearemip-agence-og.png\" \/>\n\t<meta property=\"og:image:width\" content=\"1200\" \/>\n\t<meta property=\"og:image:height\" content=\"630\" \/>\n\t<meta property=\"og:image:type\" content=\"image\/png\" \/>\n<meta name=\"twitter:card\" content=\"summary_large_image\" \/>\n<meta name=\"twitter:label1\" content=\"Est. reading time\" \/>\n\t<meta name=\"twitter:data1\" content=\"12 minutes\" \/>\n<script type=\"application\/ld+json\" class=\"yoast-schema-graph\">{\"@context\":\"https:\/\/schema.org\",\"@graph\":[{\"@type\":\"WebSite\",\"@id\":\"https:\/\/wearemip.com\/#website\",\"url\":\"https:\/\/wearemip.com\/\",\"name\":\"We are MIP - Nous sommes MIP | Master Image Programmes\",\"description\":\"Brand Content, Brand Experiences\",\"potentialAction\":[{\"@type\":\"SearchAction\",\"target\":{\"@type\":\"EntryPoint\",\"urlTemplate\":\"https:\/\/wearemip.com\/?s={search_term_string}\"},\"query-input\":\"required name=search_term_string\"}],\"inLanguage\":\"en-US\"},{\"@type\":\"WebPage\",\"@id\":\"https:\/\/wearemip.com\/en\/privacy-policies\/#webpage\",\"url\":\"https:\/\/wearemip.com\/en\/privacy-policies\/\",\"name\":\"Privacy Policy | MIP Agency\",\"isPartOf\":{\"@id\":\"https:\/\/wearemip.com\/#website\"},\"datePublished\":\"2018-11-28T18:04:26+00:00\",\"dateModified\":\"2022-03-07T22:54:36+00:00\",\"description\":\"This section presents you how we use your data.\",\"breadcrumb\":{\"@id\":\"https:\/\/wearemip.com\/en\/privacy-policies\/#breadcrumb\"},\"inLanguage\":\"en-US\",\"potentialAction\":[{\"@type\":\"ReadAction\",\"target\":[\"https:\/\/wearemip.com\/en\/privacy-policies\/\"]}]},{\"@type\":\"BreadcrumbList\",\"@id\":\"https:\/\/wearemip.com\/en\/privacy-policies\/#breadcrumb\",\"itemListElement\":[{\"@type\":\"ListItem\",\"position\":1,\"name\":\"Home\",\"item\":\"https:\/\/wearemip.com\/en\/\"},{\"@type\":\"ListItem\",\"position\":2,\"name\":\"Privacy Policy\"}]}]}<\/script>\n<!-- \/ Yoast SEO plugin. -->","yoast_head_json":{"description":"This section presents you how we use your data.","robots":{"index":"index","follow":"follow","max-snippet":"max-snippet:-1","max-image-preview":"max-image-preview:large","max-video-preview":"max-video-preview:-1"},"canonical":"https:\/\/wearemip.com\/en\/privacy-policies\/","og_locale":"en_US","og_type":"article","og_title":"Privacy Policy | MIP Agency","og_description":"This section presents you how we use your data.","og_url":"https:\/\/wearemip.com\/en\/privacy-policies\/","og_site_name":"We are MIP - Nous sommes MIP | Master Image Programmes","article_modified_time":"2022-03-07T22:54:36+00:00","og_image":[{"width":1200,"height":630,"url":"https:\/\/wearemip.com\/wp-content\/uploads\/2019\/01\/wearemip-agence-og.png","type":"image\/png"}],"twitter_card":"summary_large_image","twitter_misc":{"Est. reading time":"12 minutes"},"schema":{"@context":"https:\/\/schema.org","@graph":[{"@type":"WebSite","@id":"https:\/\/wearemip.com\/#website","url":"https:\/\/wearemip.com\/","name":"We are MIP - Nous sommes MIP | Master Image Programmes","description":"Brand Content, Brand Experiences","potentialAction":[{"@type":"SearchAction","target":{"@type":"EntryPoint","urlTemplate":"https:\/\/wearemip.com\/?s={search_term_string}"},"query-input":"required name=search_term_string"}],"inLanguage":"en-US"},{"@type":"WebPage","@id":"https:\/\/wearemip.com\/en\/privacy-policies\/#webpage","url":"https:\/\/wearemip.com\/en\/privacy-policies\/","name":"Privacy Policy | MIP Agency","isPartOf":{"@id":"https:\/\/wearemip.com\/#website"},"datePublished":"2018-11-28T18:04:26+00:00","dateModified":"2022-03-07T22:54:36+00:00","description":"This section presents you how we use your data.","breadcrumb":{"@id":"https:\/\/wearemip.com\/en\/privacy-policies\/#breadcrumb"},"inLanguage":"en-US","potentialAction":[{"@type":"ReadAction","target":["https:\/\/wearemip.com\/en\/privacy-policies\/"]}]},{"@type":"BreadcrumbList","@id":"https:\/\/wearemip.com\/en\/privacy-policies\/#breadcrumb","itemListElement":[{"@type":"ListItem","position":1,"name":"Home","item":"https:\/\/wearemip.com\/en\/"},{"@type":"ListItem","position":2,"name":"Privacy Policy"}]}]}},"acf":[],"_links":{"self":[{"href":"https:\/\/wearemip.com\/en\/wp-json\/wp\/v2\/pages\/474"}],"collection":[{"href":"https:\/\/wearemip.com\/en\/wp-json\/wp\/v2\/pages"}],"about":[{"href":"https:\/\/wearemip.com\/en\/wp-json\/wp\/v2\/types\/page"}],"author":[{"embeddable":true,"href":"https:\/\/wearemip.com\/en\/wp-json\/wp\/v2\/users\/2"}],"replies":[{"embeddable":true,"href":"https:\/\/wearemip.com\/en\/wp-json\/wp\/v2\/comments?post=474"}],"version-history":[{"count":4,"href":"https:\/\/wearemip.com\/en\/wp-json\/wp\/v2\/pages\/474\/revisions"}],"predecessor-version":[{"id":736,"href":"https:\/\/wearemip.com\/en\/wp-json\/wp\/v2\/pages\/474\/revisions\/736"}],"wp:attachment":[{"href":"https:\/\/wearemip.com\/en\/wp-json\/wp\/v2\/media?parent=474"}],"curies":[{"name":"wp","href":"https:\/\/api.w.org\/{rel}","templated":true}]}}